{"id":482,"date":"2022-04-25T10:49:59","date_gmt":"2022-04-25T09:49:59","guid":{"rendered":"https:\/\/rubystudio.dk\/?page_id=482"},"modified":"2025-05-26T13:41:31","modified_gmt":"2025-05-26T12:41:31","slug":"forside","status":"publish","type":"page","link":"https:\/\/rubystudio.dk\/da\/","title":{"rendered":"Forside"},"content":{"rendered":"","protected":false},"excerpt":{"rendered":"","protected":false},"author":1,"featured_media":2090,"parent":0,"menu_order":0,"comment_status":"closed","ping_status":"closed","template":"page-front.php","meta":[],"yoast_head":"<!-- This site is optimized with the Yoast SEO plugin v18.3 - https:\/\/yoast.com\/wordpress\/plugins\/seo\/ -->\n<title>Ruby Studio | web design bureau<\/title>\n<meta name=\"description\" content=\"Ruby Studio er et web design bureau i K\u00f8benhavn, som skr\u00e6ddersyer digitale design og l\u00f8sninger til kunde med h\u00f8jt ambitionsniveau ...\" \/>\n<meta name=\"robots\" content=\"index, follow, max-snippet:-1, max-image-preview:large, max-video-preview:-1\" \/>\n<link rel=\"canonical\" href=\"https:\/\/rubystudio.dk\/da\/\" \/>\n<meta property=\"og:locale\" content=\"da_DK\" \/>\n<meta property=\"og:type\" content=\"article\" \/>\n<meta property=\"og:title\" content=\"Ruby Studio \u2014 Copenhagen-based web agency\" \/>\n<meta property=\"og:description\" content=\"Ruby Studio is a boutique web agency with a full-service approach. We aim to fulfil your ambitions and more importantly \u2013 create results.\" \/>\n<meta property=\"og:url\" content=\"https:\/\/rubystudio.dk\/da\/\" \/>\n<meta property=\"og:site_name\" content=\"Ruby Studio\" \/>\n<meta property=\"article:modified_time\" content=\"2025-05-26T12:41:31+00:00\" \/>\n<meta property=\"og:image\" content=\"https:\/\/rubystudio.dk\/wp-content\/uploads\/2019\/10\/rubystudio-office-2-1.jpg\" \/>\n\t<meta property=\"og:image:width\" content=\"3024\" \/>\n\t<meta property=\"og:image:height\" content=\"4032\" \/>\n\t<meta property=\"og:image:type\" content=\"image\/jpeg\" \/>\n<meta name=\"twitter:card\" content=\"summary_large_image\" \/>\n<script type=\"application\/ld+json\" class=\"yoast-schema-graph\">{\"@context\":\"https:\/\/schema.org\",\"@graph\":[{\"@type\":\"Organization\",\"@id\":\"https:\/\/rubystudio.dk\/#organization\",\"name\":\"Ruby Studio\",\"url\":\"https:\/\/rubystudio.dk\/\",\"sameAs\":[],\"logo\":{\"@type\":\"ImageObject\",\"@id\":\"https:\/\/rubystudio.dk\/#logo\",\"inLanguage\":\"da-DK\",\"url\":\"https:\/\/rubystudio.dk\/wp-content\/uploads\/2022\/04\/ruby-studio-square-rs.png\",\"contentUrl\":\"https:\/\/rubystudio.dk\/wp-content\/uploads\/2022\/04\/ruby-studio-square-rs.png\",\"width\":2000,\"height\":2000,\"caption\":\"Ruby Studio\"},\"image\":{\"@id\":\"https:\/\/rubystudio.dk\/#logo\"}},{\"@type\":\"WebSite\",\"@id\":\"https:\/\/rubystudio.dk\/#website\",\"url\":\"https:\/\/rubystudio.dk\/\",\"name\":\"Ruby Studio\",\"description\":\"\",\"publisher\":{\"@id\":\"https:\/\/rubystudio.dk\/#organization\"},\"potentialAction\":[{\"@type\":\"SearchAction\",\"target\":{\"@type\":\"EntryPoint\",\"urlTemplate\":\"https:\/\/rubystudio.dk\/?s={search_term_string}\"},\"query-input\":\"required name=search_term_string\"}],\"inLanguage\":\"da-DK\"},{\"@type\":\"ImageObject\",\"@id\":\"https:\/\/rubystudio.dk\/da\/#primaryimage\",\"inLanguage\":\"da-DK\",\"url\":\"https:\/\/rubystudio.dk\/wp-content\/uploads\/2019\/10\/rubystudio-office-2-1.jpg\",\"contentUrl\":\"https:\/\/rubystudio.dk\/wp-content\/uploads\/2019\/10\/rubystudio-office-2-1.jpg\",\"width\":3024,\"height\":4032},{\"@type\":\"WebPage\",\"@id\":\"https:\/\/rubystudio.dk\/da\/#webpage\",\"url\":\"https:\/\/rubystudio.dk\/da\/\",\"name\":\"Ruby Studio | web design bureau\",\"isPartOf\":{\"@id\":\"https:\/\/rubystudio.dk\/#website\"},\"primaryImageOfPage\":{\"@id\":\"https:\/\/rubystudio.dk\/da\/#primaryimage\"},\"datePublished\":\"2022-04-25T09:49:59+00:00\",\"dateModified\":\"2025-05-26T12:41:31+00:00\",\"description\":\"Ruby Studio er et web design bureau i K\u00f8benhavn, som skr\u00e6ddersyer digitale design og l\u00f8sninger til kunde med h\u00f8jt ambitionsniveau ...\",\"breadcrumb\":{\"@id\":\"https:\/\/rubystudio.dk\/da\/#breadcrumb\"},\"inLanguage\":\"da-DK\",\"potentialAction\":[{\"@type\":\"ReadAction\",\"target\":[\"https:\/\/rubystudio.dk\/da\/\"]}]},{\"@type\":\"BreadcrumbList\",\"@id\":\"https:\/\/rubystudio.dk\/da\/#breadcrumb\",\"itemListElement\":[{\"@type\":\"ListItem\",\"position\":1,\"name\":\"Home\",\"item\":\"https:\/\/rubystudio.dk\/da\/\"},{\"@type\":\"ListItem\",\"position\":2,\"name\":\"Forside\"}]}]}<\/script>\n<!-- \/ Yoast SEO plugin. -->","yoast_head_json":{"title":"Ruby Studio | web design bureau","description":"Ruby Studio er et web design bureau i K\u00f8benhavn, som skr\u00e6ddersyer digitale design og l\u00f8sninger til kunde med h\u00f8jt ambitionsniveau ...","robots":{"index":"index","follow":"follow","max-snippet":"max-snippet:-1","max-image-preview":"max-image-preview:large","max-video-preview":"max-video-preview:-1"},"canonical":"https:\/\/rubystudio.dk\/da\/","og_locale":"da_DK","og_type":"article","og_title":"Ruby Studio \u2014 Copenhagen-based web agency","og_description":"Ruby Studio is a boutique web agency with a full-service approach. We aim to fulfil your ambitions and more importantly \u2013 create results.","og_url":"https:\/\/rubystudio.dk\/da\/","og_site_name":"Ruby Studio","article_modified_time":"2025-05-26T12:41:31+00:00","og_image":[{"width":3024,"height":4032,"url":"https:\/\/rubystudio.dk\/wp-content\/uploads\/2019\/10\/rubystudio-office-2-1.jpg","type":"image\/jpeg"}],"twitter_card":"summary_large_image","schema":{"@context":"https:\/\/schema.org","@graph":[{"@type":"Organization","@id":"https:\/\/rubystudio.dk\/#organization","name":"Ruby Studio","url":"https:\/\/rubystudio.dk\/","sameAs":[],"logo":{"@type":"ImageObject","@id":"https:\/\/rubystudio.dk\/#logo","inLanguage":"da-DK","url":"https:\/\/rubystudio.dk\/wp-content\/uploads\/2022\/04\/ruby-studio-square-rs.png","contentUrl":"https:\/\/rubystudio.dk\/wp-content\/uploads\/2022\/04\/ruby-studio-square-rs.png","width":2000,"height":2000,"caption":"Ruby Studio"},"image":{"@id":"https:\/\/rubystudio.dk\/#logo"}},{"@type":"WebSite","@id":"https:\/\/rubystudio.dk\/#website","url":"https:\/\/rubystudio.dk\/","name":"Ruby Studio","description":"","publisher":{"@id":"https:\/\/rubystudio.dk\/#organization"},"potentialAction":[{"@type":"SearchAction","target":{"@type":"EntryPoint","urlTemplate":"https:\/\/rubystudio.dk\/?s={search_term_string}"},"query-input":"required name=search_term_string"}],"inLanguage":"da-DK"},{"@type":"ImageObject","@id":"https:\/\/rubystudio.dk\/da\/#primaryimage","inLanguage":"da-DK","url":"https:\/\/rubystudio.dk\/wp-content\/uploads\/2019\/10\/rubystudio-office-2-1.jpg","contentUrl":"https:\/\/rubystudio.dk\/wp-content\/uploads\/2019\/10\/rubystudio-office-2-1.jpg","width":3024,"height":4032},{"@type":"WebPage","@id":"https:\/\/rubystudio.dk\/da\/#webpage","url":"https:\/\/rubystudio.dk\/da\/","name":"Ruby Studio | web design bureau","isPartOf":{"@id":"https:\/\/rubystudio.dk\/#website"},"primaryImageOfPage":{"@id":"https:\/\/rubystudio.dk\/da\/#primaryimage"},"datePublished":"2022-04-25T09:49:59+00:00","dateModified":"2025-05-26T12:41:31+00:00","description":"Ruby Studio er et web design bureau i K\u00f8benhavn, som skr\u00e6ddersyer digitale design og l\u00f8sninger til kunde med h\u00f8jt ambitionsniveau ...","breadcrumb":{"@id":"https:\/\/rubystudio.dk\/da\/#breadcrumb"},"inLanguage":"da-DK","potentialAction":[{"@type":"ReadAction","target":["https:\/\/rubystudio.dk\/da\/"]}]},{"@type":"BreadcrumbList","@id":"https:\/\/rubystudio.dk\/da\/#breadcrumb","itemListElement":[{"@type":"ListItem","position":1,"name":"Home","item":"https:\/\/rubystudio.dk\/da\/"},{"@type":"ListItem","position":2,"name":"Forside"}]}]}},"acf":[],"_links":{"self":[{"href":"https:\/\/rubystudio.dk\/da\/wp-json\/wp\/v2\/pages\/482"}],"collection":[{"href":"https:\/\/rubystudio.dk\/da\/wp-json\/wp\/v2\/pages"}],"about":[{"href":"https:\/\/rubystudio.dk\/da\/wp-json\/wp\/v2\/types\/page"}],"author":[{"embeddable":true,"href":"https:\/\/rubystudio.dk\/da\/wp-json\/wp\/v2\/users\/1"}],"replies":[{"embeddable":true,"href":"https:\/\/rubystudio.dk\/da\/wp-json\/wp\/v2\/comments?post=482"}],"version-history":[{"count":40,"href":"https:\/\/rubystudio.dk\/da\/wp-json\/wp\/v2\/pages\/482\/revisions"}],"predecessor-version":[{"id":2556,"href":"https:\/\/rubystudio.dk\/da\/wp-json\/wp\/v2\/pages\/482\/revisions\/2556"}],"wp:featuredmedia":[{"embeddable":true,"href":"https:\/\/rubystudio.dk\/da\/wp-json\/wp\/v2\/media\/2090"}],"wp:attachment":[{"href":"https:\/\/rubystudio.dk\/da\/wp-json\/wp\/v2\/media?parent=482"}],"curies":[{"name":"wp","href":"https:\/\/api.w.org\/{rel}","templated":true}]}}